{"id":703,"date":"2024-05-03T22:48:32","date_gmt":"2024-05-03T20:48:32","guid":{"rendered":"https:\/\/www.lacuveedesmimis.fr\/?post_type=product&#038;p=703"},"modified":"2026-03-19T17:09:09","modified_gmt":"2026-03-19T16:09:09","slug":"en-pleine-poire","status":"publish","type":"product","link":"https:\/\/www.lacuveedesmimis.fr\/index.php\/produit\/en-pleine-poire","title":{"rendered":"1 En Pleine Poire  (Poire et Poivre Timut)"},"content":{"rendered":"<p>Petite nouveaut\u00e9<\/p>\n<p>En Pleine Poire, bi\u00e8re blanche \u00e0 la poire r\u00e9hauss\u00e9 avec du poivre Timut (N\u00e9pal).<\/p>\n<p>Une bi\u00e8re avec du peps<\/p>\n","protected":false},"excerpt":{"rendered":"<p>EBC:7<\/p>\n<p>IBU:21<\/p>\n","protected":false},"featured_media":704,"comment_status":"open","ping_status":"closed","template":"","meta":[],"product_brand":[],"product_cat":[17],"product_tag":[],"class_list":{"0":"post-703","1":"product","2":"type-product","3":"status-publish","4":"has-post-thumbnail","6":"product_cat-biere-aux-fruits","8":"first","9":"instock","10":"shipping-taxable","11":"purchasable","12":"product-type-simple"},"jetpack_sharing_enabled":true,"_links":{"self":[{"href":"https:\/\/www.lacuveedesmimis.fr\/index.php\/wp-json\/wp\/v2\/product\/703","targetHints":{"allow":["GET"]}}],"collection":[{"href":"https:\/\/www.lacuveedesmimis.fr\/index.php\/wp-json\/wp\/v2\/product"}],"about":[{"href":"https:\/\/www.lacuveedesmimis.fr\/index.php\/wp-json\/wp\/v2\/types\/product"}],"replies":[{"embeddable":true,"href":"https:\/\/www.lacuveedesmimis.fr\/index.php\/wp-json\/wp\/v2\/comments?post=703"}],"wp:featuredmedia":[{"embeddable":true,"href":"https:\/\/www.lacuveedesmimis.fr\/index.php\/wp-json\/wp\/v2\/media\/704"}],"wp:attachment":[{"href":"https:\/\/www.lacuveedesmimis.fr\/index.php\/wp-json\/wp\/v2\/media?parent=703"}],"wp:term":[{"taxonomy":"product_brand","embeddable":true,"href":"https:\/\/www.lacuveedesmimis.fr\/index.php\/wp-json\/wp\/v2\/product_brand?post=703"},{"taxonomy":"product_cat","embeddable":true,"href":"https:\/\/www.lacuveedesmimis.fr\/index.php\/wp-json\/wp\/v2\/product_cat?post=703"},{"taxonomy":"product_tag","embeddable":true,"href":"https:\/\/www.lacuveedesmimis.fr\/index.php\/wp-json\/wp\/v2\/product_tag?post=703"}],"curies":[{"name":"wp","href":"https:\/\/api.w.org\/{rel}","templated":true}]}}