{"id":627,"date":"2024-01-25T19:55:27","date_gmt":"2024-01-25T18:55:27","guid":{"rendered":"https:\/\/www.lacuveedesmimis.fr\/?post_type=product&#038;p=627"},"modified":"2024-01-25T20:10:53","modified_gmt":"2024-01-25T19:10:53","slug":"le-cheque-en-bois-cheque-cadeau","status":"publish","type":"product","link":"https:\/\/www.lacuveedesmimis.fr\/index.php\/produit\/le-cheque-en-bois-cheque-cadeau","title":{"rendered":"Le ch\u00e8que en bois (ch\u00e8que cadeau)"},"content":{"rendered":"<p>Une autre id\u00e9e cadeaux \u00e0 la Cuv\u00e9e des Mimi&rsquo;s<\/p>\n<p>Le ch\u00e8que en bois, un bon cadeaux si vous d\u00e9sirez faire des heureux sans vous trompez sur le choix des bi\u00e8res.<\/p>\n<p>Dispo en montant de 20, 30, 40\u20ac.<\/p>\n<p>Uniquement disponible en boutique.<\/p>\n","protected":false},"excerpt":{"rendered":"<p>Une autre id\u00e9e cadeaux \u00e0 la Cuv\u00e9e des Mimi&rsquo;s Le ch\u00e8que en bois, un bon cadeaux si vous d\u00e9sirez faire des heureux sans vous trompez sur le choix des bi\u00e8res. Dispo en montant de 20, 30, 40\u20ac. Uniquement disponible en boutique.<\/p>\n","protected":false},"featured_media":630,"comment_status":"open","ping_status":"closed","template":"","meta":[],"product_brand":[],"product_cat":[20],"product_tag":[],"class_list":{"0":"post-627","1":"product","2":"type-product","3":"status-publish","4":"has-post-thumbnail","6":"product_cat-idees-cadeaux","8":"first","9":"instock","10":"shipping-taxable","11":"product-type-simple"},"jetpack_sharing_enabled":true,"_links":{"self":[{"href":"https:\/\/www.lacuveedesmimis.fr\/index.php\/wp-json\/wp\/v2\/product\/627","targetHints":{"allow":["GET"]}}],"collection":[{"href":"https:\/\/www.lacuveedesmimis.fr\/index.php\/wp-json\/wp\/v2\/product"}],"about":[{"href":"https:\/\/www.lacuveedesmimis.fr\/index.php\/wp-json\/wp\/v2\/types\/product"}],"replies":[{"embeddable":true,"href":"https:\/\/www.lacuveedesmimis.fr\/index.php\/wp-json\/wp\/v2\/comments?post=627"}],"wp:featuredmedia":[{"embeddable":true,"href":"https:\/\/www.lacuveedesmimis.fr\/index.php\/wp-json\/wp\/v2\/media\/630"}],"wp:attachment":[{"href":"https:\/\/www.lacuveedesmimis.fr\/index.php\/wp-json\/wp\/v2\/media?parent=627"}],"wp:term":[{"taxonomy":"product_brand","embeddable":true,"href":"https:\/\/www.lacuveedesmimis.fr\/index.php\/wp-json\/wp\/v2\/product_brand?post=627"},{"taxonomy":"product_cat","embeddable":true,"href":"https:\/\/www.lacuveedesmimis.fr\/index.php\/wp-json\/wp\/v2\/product_cat?post=627"},{"taxonomy":"product_tag","embeddable":true,"href":"https:\/\/www.lacuveedesmimis.fr\/index.php\/wp-json\/wp\/v2\/product_tag?post=627"}],"curies":[{"name":"wp","href":"https:\/\/api.w.org\/{rel}","templated":true}]}}