{"id":404,"date":"2022-05-09T21:03:45","date_gmt":"2022-05-09T19:03:45","guid":{"rendered":"https:\/\/www.lacuveedesmimis.fr\/?post_type=product&#038;p=404"},"modified":"2025-05-27T17:49:49","modified_gmt":"2025-05-27T15:49:49","slug":"la-gauloise","status":"publish","type":"product","link":"https:\/\/www.lacuveedesmimis.fr\/index.php\/produit\/la-gauloise","title":{"rendered":"2 La Gauloise (Blonde l\u00e9g\u00e8rement fum\u00e9e au bois de H\u00eatre et houblon du jardin)"},"content":{"rendered":"<p>Et voici la petite s\u0153ur de notre ambr\u00e9e\u00a0 \ud83d\ude42<\/p>\n<p>Une petite blonde agr\u00e9ment\u00e9e de notre malt fum\u00e9 aux bois de h\u00eatre et d&rsquo;un m\u00e9lange de 6 malts.<\/p>\n<p>L\u00e9g\u00e8rement fum\u00e9e<\/p>\n<p>IBU:23<\/p>\n<p>Alcool: 5,6%<\/p>\n<p>&nbsp;<\/p>\n<p>&nbsp;<\/p>\n","protected":false},"excerpt":{"rendered":"<p>alcool: 5,6%<\/p>\n<p>Ibu: 23<\/p>\n<p>&nbsp;<\/p>\n<p>&nbsp;<\/p>\n","protected":false},"featured_media":721,"comment_status":"open","ping_status":"closed","template":"","meta":[],"product_brand":[],"product_cat":[16],"product_tag":[],"class_list":{"0":"post-404","1":"product","2":"type-product","3":"status-publish","4":"has-post-thumbnail","6":"product_cat-biere-blanche-blonde","8":"first","9":"instock","10":"shipping-taxable","11":"purchasable","12":"product-type-simple"},"jetpack_sharing_enabled":true,"_links":{"self":[{"href":"https:\/\/www.lacuveedesmimis.fr\/index.php\/wp-json\/wp\/v2\/product\/404","targetHints":{"allow":["GET"]}}],"collection":[{"href":"https:\/\/www.lacuveedesmimis.fr\/index.php\/wp-json\/wp\/v2\/product"}],"about":[{"href":"https:\/\/www.lacuveedesmimis.fr\/index.php\/wp-json\/wp\/v2\/types\/product"}],"replies":[{"embeddable":true,"href":"https:\/\/www.lacuveedesmimis.fr\/index.php\/wp-json\/wp\/v2\/comments?post=404"}],"wp:featuredmedia":[{"embeddable":true,"href":"https:\/\/www.lacuveedesmimis.fr\/index.php\/wp-json\/wp\/v2\/media\/721"}],"wp:attachment":[{"href":"https:\/\/www.lacuveedesmimis.fr\/index.php\/wp-json\/wp\/v2\/media?parent=404"}],"wp:term":[{"taxonomy":"product_brand","embeddable":true,"href":"https:\/\/www.lacuveedesmimis.fr\/index.php\/wp-json\/wp\/v2\/product_brand?post=404"},{"taxonomy":"product_cat","embeddable":true,"href":"https:\/\/www.lacuveedesmimis.fr\/index.php\/wp-json\/wp\/v2\/product_cat?post=404"},{"taxonomy":"product_tag","embeddable":true,"href":"https:\/\/www.lacuveedesmimis.fr\/index.php\/wp-json\/wp\/v2\/product_tag?post=404"}],"curies":[{"name":"wp","href":"https:\/\/api.w.org\/{rel}","templated":true}]}}