{"id":35,"date":"2022-01-02T20:35:05","date_gmt":"2022-01-02T19:35:05","guid":{"rendered":"http:\/\/www.lacuveedesmimis.fr\/?post_type=product&#038;p=35"},"modified":"2022-01-26T19:44:16","modified_gmt":"2022-01-26T18:44:16","slug":"retour-bouteille-steinie","status":"publish","type":"product","link":"https:\/\/www.lacuveedesmimis.fr\/index.php\/produit\/retour-bouteille-steinie","title":{"rendered":"Retour bouteille Steinie"},"content":{"rendered":"<p>Pour des raisons \u00e9cologique et \u00e9conomique nous avons mis en place un syst\u00e8me de consigne.<\/p>\n<p>Pour chaque bouteilles rapport\u00e9es c&rsquo;est 15cts\/bouteille redonn\u00e9 sur votre prochaine achat.<\/p>\n<p>Pour des raisons d&rsquo;hygi\u00e8ne nous vous demandons de rincer \u00e0 l&rsquo;eau vos bouteilles apr\u00e8s utilisation.<\/p>\n<p>&nbsp;<\/p>\n","protected":false},"excerpt":{"rendered":"<p>15 cts de r\u00e9duction par bouteille type Steinie en retour.<\/p>\n<p>Uniquement pour les retraits \u00e0 la fabrique.<\/p>\n","protected":false},"featured_media":74,"comment_status":"open","ping_status":"closed","template":"","meta":[],"product_brand":[],"product_cat":[24],"product_tag":[],"class_list":{"0":"post-35","1":"product","2":"type-product","3":"status-publish","4":"has-post-thumbnail","6":"product_cat-consignes","8":"first","9":"instock","10":"shipping-taxable","11":"purchasable","12":"product-type-simple"},"jetpack_sharing_enabled":true,"_links":{"self":[{"href":"https:\/\/www.lacuveedesmimis.fr\/index.php\/wp-json\/wp\/v2\/product\/35","targetHints":{"allow":["GET"]}}],"collection":[{"href":"https:\/\/www.lacuveedesmimis.fr\/index.php\/wp-json\/wp\/v2\/product"}],"about":[{"href":"https:\/\/www.lacuveedesmimis.fr\/index.php\/wp-json\/wp\/v2\/types\/product"}],"replies":[{"embeddable":true,"href":"https:\/\/www.lacuveedesmimis.fr\/index.php\/wp-json\/wp\/v2\/comments?post=35"}],"wp:featuredmedia":[{"embeddable":true,"href":"https:\/\/www.lacuveedesmimis.fr\/index.php\/wp-json\/wp\/v2\/media\/74"}],"wp:attachment":[{"href":"https:\/\/www.lacuveedesmimis.fr\/index.php\/wp-json\/wp\/v2\/media?parent=35"}],"wp:term":[{"taxonomy":"product_brand","embeddable":true,"href":"https:\/\/www.lacuveedesmimis.fr\/index.php\/wp-json\/wp\/v2\/product_brand?post=35"},{"taxonomy":"product_cat","embeddable":true,"href":"https:\/\/www.lacuveedesmimis.fr\/index.php\/wp-json\/wp\/v2\/product_cat?post=35"},{"taxonomy":"product_tag","embeddable":true,"href":"https:\/\/www.lacuveedesmimis.fr\/index.php\/wp-json\/wp\/v2\/product_tag?post=35"}],"curies":[{"name":"wp","href":"https:\/\/api.w.org\/{rel}","templated":true}]}}