{"id":318,"date":"2022-02-27T13:40:06","date_gmt":"2022-02-27T12:40:06","guid":{"rendered":"https:\/\/www.lacuveedesmimis.fr\/?post_type=product&#038;p=318"},"modified":"2025-06-06T10:22:40","modified_gmt":"2025-06-06T08:22:40","slug":"le-manege-ecolo","status":"publish","type":"product","link":"https:\/\/www.lacuveedesmimis.fr\/index.php\/produit\/le-manege-ecolo","title":{"rendered":"Le Carrousel"},"content":{"rendered":"<p>Envie d&rsquo;un cadeau originale?<\/p>\n<p>Nous vous proposons notre carrousel en bois pour 6 bouteilles.<\/p>\n<p>Pourquoi \u00e9colo?<\/p>\n<p>Vous avez acheter ce cadeau et en principe ce dernier va passer \u00e0 la poubelle ou prendre la poussi\u00e8re!!!<\/p>\n<p>Nous avons la solution : vous pouvez ramener le support en \u00e9change d&rsquo;un bon d&rsquo;achat de 3\u20ac.<\/p>\n<p>Pour rappel: Nous redonnons 15cts\/bouteille ramen\u00e9e<\/p>\n<p>&nbsp;<\/p>\n<p>Le support pourra \u00eatre r\u00e9utilis\u00e9.<\/p>\n<p>Merci de laisser en commentaire votre choix de bi\u00e8re<\/p>\n<p>&nbsp;<\/p>\n<div id=\"malwarebytes-root\"><\/div>\n","protected":false},"excerpt":{"rendered":"<p>Carrousel bois 6 bouteilles \u00e0 composer selon ses envies<\/p>\n","protected":false},"featured_media":470,"comment_status":"open","ping_status":"closed","template":"","meta":[],"product_brand":[],"product_cat":[20],"product_tag":[],"class_list":{"0":"post-318","1":"product","2":"type-product","3":"status-publish","4":"has-post-thumbnail","6":"product_cat-idees-cadeaux","8":"first","9":"instock","10":"shipping-taxable","11":"purchasable","12":"product-type-simple"},"jetpack_sharing_enabled":true,"_links":{"self":[{"href":"https:\/\/www.lacuveedesmimis.fr\/index.php\/wp-json\/wp\/v2\/product\/318","targetHints":{"allow":["GET"]}}],"collection":[{"href":"https:\/\/www.lacuveedesmimis.fr\/index.php\/wp-json\/wp\/v2\/product"}],"about":[{"href":"https:\/\/www.lacuveedesmimis.fr\/index.php\/wp-json\/wp\/v2\/types\/product"}],"replies":[{"embeddable":true,"href":"https:\/\/www.lacuveedesmimis.fr\/index.php\/wp-json\/wp\/v2\/comments?post=318"}],"wp:featuredmedia":[{"embeddable":true,"href":"https:\/\/www.lacuveedesmimis.fr\/index.php\/wp-json\/wp\/v2\/media\/470"}],"wp:attachment":[{"href":"https:\/\/www.lacuveedesmimis.fr\/index.php\/wp-json\/wp\/v2\/media?parent=318"}],"wp:term":[{"taxonomy":"product_brand","embeddable":true,"href":"https:\/\/www.lacuveedesmimis.fr\/index.php\/wp-json\/wp\/v2\/product_brand?post=318"},{"taxonomy":"product_cat","embeddable":true,"href":"https:\/\/www.lacuveedesmimis.fr\/index.php\/wp-json\/wp\/v2\/product_cat?post=318"},{"taxonomy":"product_tag","embeddable":true,"href":"https:\/\/www.lacuveedesmimis.fr\/index.php\/wp-json\/wp\/v2\/product_tag?post=318"}],"curies":[{"name":"wp","href":"https:\/\/api.w.org\/{rel}","templated":true}]}}