{"id":31,"date":"2022-01-02T20:35:04","date_gmt":"2022-01-02T19:35:04","guid":{"rendered":"http:\/\/www.lacuveedesmimis.fr\/?post_type=product&#038;p=31"},"modified":"2026-03-14T17:27:56","modified_gmt":"2026-03-14T16:27:56","slug":"la-rousse","status":"publish","type":"product","link":"https:\/\/www.lacuveedesmimis.fr\/index.php\/produit\/la-rousse","title":{"rendered":"4 La Rousse (Bi\u00e8re au reflet rouge, bien malt\u00e9e et l\u00e9g\u00e8rement \u00e9pic\u00e9e)"},"content":{"rendered":"<p>Bi\u00e8re style Irish Red Ale.<\/p>\n<p>Une magnifique bi\u00e8re aux reflets cuivr\u00e9s, m\u00e9lange de malts caram\u00e9lis\u00e9s et de houblons \u00e9pic\u00e9s.<\/p>\n","protected":false},"excerpt":{"rendered":"<p>IBU : 22<\/p>\n<p>Alcool : 5,8%<\/p>\n","protected":false},"featured_media":854,"comment_status":"open","ping_status":"closed","template":"","meta":[],"product_brand":[],"product_cat":[18],"product_tag":[],"class_list":{"0":"post-31","1":"product","2":"type-product","3":"status-publish","4":"has-post-thumbnail","6":"product_cat-biere-ambree-black","8":"first","9":"instock","10":"shipping-taxable","11":"purchasable","12":"product-type-simple"},"jetpack_sharing_enabled":true,"_links":{"self":[{"href":"https:\/\/www.lacuveedesmimis.fr\/index.php\/wp-json\/wp\/v2\/product\/31","targetHints":{"allow":["GET"]}}],"collection":[{"href":"https:\/\/www.lacuveedesmimis.fr\/index.php\/wp-json\/wp\/v2\/product"}],"about":[{"href":"https:\/\/www.lacuveedesmimis.fr\/index.php\/wp-json\/wp\/v2\/types\/product"}],"replies":[{"embeddable":true,"href":"https:\/\/www.lacuveedesmimis.fr\/index.php\/wp-json\/wp\/v2\/comments?post=31"}],"wp:featuredmedia":[{"embeddable":true,"href":"https:\/\/www.lacuveedesmimis.fr\/index.php\/wp-json\/wp\/v2\/media\/854"}],"wp:attachment":[{"href":"https:\/\/www.lacuveedesmimis.fr\/index.php\/wp-json\/wp\/v2\/media?parent=31"}],"wp:term":[{"taxonomy":"product_brand","embeddable":true,"href":"https:\/\/www.lacuveedesmimis.fr\/index.php\/wp-json\/wp\/v2\/product_brand?post=31"},{"taxonomy":"product_cat","embeddable":true,"href":"https:\/\/www.lacuveedesmimis.fr\/index.php\/wp-json\/wp\/v2\/product_cat?post=31"},{"taxonomy":"product_tag","embeddable":true,"href":"https:\/\/www.lacuveedesmimis.fr\/index.php\/wp-json\/wp\/v2\/product_tag?post=31"}],"curies":[{"name":"wp","href":"https:\/\/api.w.org\/{rel}","templated":true}]}}