{"id":29,"date":"2022-01-02T20:35:04","date_gmt":"2022-01-02T19:35:04","guid":{"rendered":"http:\/\/www.lacuveedesmimis.fr\/?post_type=product&#038;p=29"},"modified":"2025-11-14T09:23:46","modified_gmt":"2025-11-14T08:23:46","slug":"la-fumee","status":"publish","type":"product","link":"https:\/\/www.lacuveedesmimis.fr\/index.php\/produit\/la-fumee","title":{"rendered":"4_La Fum\u00e9e (Brune fum\u00e9e au bois de H\u00eatre)"},"content":{"rendered":"<p>Venez d\u00e9couvrir une bi\u00e8re de caract\u00e8re et originale, brass\u00e9e avec un malt Fum\u00e9 au bois de H\u00eatre.<\/p>\n<p>Une ambr\u00e9e qui vous surprendra \u00e0 coup s\u00fbr!!<\/p>\n","protected":false},"excerpt":{"rendered":"<p>IBU : 25<\/p>\n<p>Alcool : 6,8%<\/p>\n","protected":false},"featured_media":724,"comment_status":"open","ping_status":"closed","template":"","meta":[],"product_brand":[],"product_cat":[18],"product_tag":[],"class_list":{"0":"post-29","1":"product","2":"type-product","3":"status-publish","4":"has-post-thumbnail","6":"product_cat-biere-ambree-black","8":"first","9":"instock","10":"shipping-taxable","11":"purchasable","12":"product-type-simple"},"jetpack_sharing_enabled":true,"_links":{"self":[{"href":"https:\/\/www.lacuveedesmimis.fr\/index.php\/wp-json\/wp\/v2\/product\/29","targetHints":{"allow":["GET"]}}],"collection":[{"href":"https:\/\/www.lacuveedesmimis.fr\/index.php\/wp-json\/wp\/v2\/product"}],"about":[{"href":"https:\/\/www.lacuveedesmimis.fr\/index.php\/wp-json\/wp\/v2\/types\/product"}],"replies":[{"embeddable":true,"href":"https:\/\/www.lacuveedesmimis.fr\/index.php\/wp-json\/wp\/v2\/comments?post=29"}],"wp:featuredmedia":[{"embeddable":true,"href":"https:\/\/www.lacuveedesmimis.fr\/index.php\/wp-json\/wp\/v2\/media\/724"}],"wp:attachment":[{"href":"https:\/\/www.lacuveedesmimis.fr\/index.php\/wp-json\/wp\/v2\/media?parent=29"}],"wp:term":[{"taxonomy":"product_brand","embeddable":true,"href":"https:\/\/www.lacuveedesmimis.fr\/index.php\/wp-json\/wp\/v2\/product_brand?post=29"},{"taxonomy":"product_cat","embeddable":true,"href":"https:\/\/www.lacuveedesmimis.fr\/index.php\/wp-json\/wp\/v2\/product_cat?post=29"},{"taxonomy":"product_tag","embeddable":true,"href":"https:\/\/www.lacuveedesmimis.fr\/index.php\/wp-json\/wp\/v2\/product_tag?post=29"}],"curies":[{"name":"wp","href":"https:\/\/api.w.org\/{rel}","templated":true}]}}