{"id":274,"date":"2022-02-04T17:40:06","date_gmt":"2022-02-04T16:40:06","guid":{"rendered":"https:\/\/www.lacuveedesmimis.fr\/?post_type=product&#038;p=274"},"modified":"2026-01-22T13:18:24","modified_gmt":"2026-01-22T12:18:24","slug":"coffret-st-valentin","status":"publish","type":"product","link":"https:\/\/www.lacuveedesmimis.fr\/index.php\/produit\/coffret-st-valentin","title":{"rendered":"Support Coeur"},"content":{"rendered":"<p>En panne d&rsquo;id\u00e9e pour ceux qu&rsquo;on aime?<\/p>\n<p>Nous avons peut \u00eatre une id\u00e9e pour vous \ud83d\ude42<\/p>\n<p>Ce coffret compos\u00e9 de 9 bi\u00e8res au choix sera parfait pour votre valentin(e).<\/p>\n<p>Nous vous le proposons au tarif de 35\u20ac emballage compris.<\/p>\n<p>!!!!!!!!Attention stock limit\u00e9!!!!!! Coffret r\u00e9alis\u00e9 enti\u00e8rement \u00e0 la main<\/p>\n<p>Merci de laisser en commentaire vos bi\u00e8res choisies<\/p>\n","protected":false},"excerpt":{"rendered":"<p>Un joli coeur en bois pour les amoureux de la bi\u00e8re.<\/p>\n<p>\u00c0 composer selon ses envies avec 9 de nos bi\u00e8res.<\/p>\n","protected":false},"featured_media":795,"comment_status":"open","ping_status":"closed","template":"","meta":[],"product_brand":[],"product_cat":[20],"product_tag":[],"class_list":{"0":"post-274","1":"product","2":"type-product","3":"status-publish","4":"has-post-thumbnail","6":"product_cat-idees-cadeaux","8":"first","9":"outofstock","10":"shipping-taxable","11":"purchasable","12":"product-type-simple"},"jetpack_sharing_enabled":true,"_links":{"self":[{"href":"https:\/\/www.lacuveedesmimis.fr\/index.php\/wp-json\/wp\/v2\/product\/274","targetHints":{"allow":["GET"]}}],"collection":[{"href":"https:\/\/www.lacuveedesmimis.fr\/index.php\/wp-json\/wp\/v2\/product"}],"about":[{"href":"https:\/\/www.lacuveedesmimis.fr\/index.php\/wp-json\/wp\/v2\/types\/product"}],"replies":[{"embeddable":true,"href":"https:\/\/www.lacuveedesmimis.fr\/index.php\/wp-json\/wp\/v2\/comments?post=274"}],"wp:featuredmedia":[{"embeddable":true,"href":"https:\/\/www.lacuveedesmimis.fr\/index.php\/wp-json\/wp\/v2\/media\/795"}],"wp:attachment":[{"href":"https:\/\/www.lacuveedesmimis.fr\/index.php\/wp-json\/wp\/v2\/media?parent=274"}],"wp:term":[{"taxonomy":"product_brand","embeddable":true,"href":"https:\/\/www.lacuveedesmimis.fr\/index.php\/wp-json\/wp\/v2\/product_brand?post=274"},{"taxonomy":"product_cat","embeddable":true,"href":"https:\/\/www.lacuveedesmimis.fr\/index.php\/wp-json\/wp\/v2\/product_cat?post=274"},{"taxonomy":"product_tag","embeddable":true,"href":"https:\/\/www.lacuveedesmimis.fr\/index.php\/wp-json\/wp\/v2\/product_tag?post=274"}],"curies":[{"name":"wp","href":"https:\/\/api.w.org\/{rel}","templated":true}]}}