{"id":19,"date":"2022-01-02T20:35:03","date_gmt":"2022-01-02T19:35:03","guid":{"rendered":"http:\/\/www.lacuveedesmimis.fr\/?post_type=product&#038;p=19"},"modified":"2025-12-20T15:33:14","modified_gmt":"2025-12-20T14:33:14","slug":"la-coco-denfer","status":"publish","type":"product","link":"https:\/\/www.lacuveedesmimis.fr\/index.php\/produit\/la-coco-denfer","title":{"rendered":"4 La Coco D&rsquo;enfer (Brune avec 7 malts et de la noix de coco)"},"content":{"rendered":"<p>Sans aucun doute notre best-seller.<\/p>\n<p>Une bi\u00e8re ambr\u00e9e fortement malt\u00e9e avec un soup\u00e7on de coco rapp\u00e9e qui lui conf\u00e8re une saveur unique.<\/p>\n<p>Un d\u00e9lice pour les papilles!!!<\/p>\n","protected":false},"excerpt":{"rendered":"<p>IBU: 24<\/p>\n<p>alcool.: 7%<\/p>\n","protected":false},"featured_media":727,"comment_status":"open","ping_status":"closed","template":"","meta":[],"product_brand":[],"product_cat":[18],"product_tag":[],"class_list":{"0":"post-19","1":"product","2":"type-product","3":"status-publish","4":"has-post-thumbnail","6":"product_cat-biere-ambree-black","8":"first","9":"instock","10":"shipping-taxable","11":"purchasable","12":"product-type-simple"},"jetpack_sharing_enabled":true,"_links":{"self":[{"href":"https:\/\/www.lacuveedesmimis.fr\/index.php\/wp-json\/wp\/v2\/product\/19","targetHints":{"allow":["GET"]}}],"collection":[{"href":"https:\/\/www.lacuveedesmimis.fr\/index.php\/wp-json\/wp\/v2\/product"}],"about":[{"href":"https:\/\/www.lacuveedesmimis.fr\/index.php\/wp-json\/wp\/v2\/types\/product"}],"replies":[{"embeddable":true,"href":"https:\/\/www.lacuveedesmimis.fr\/index.php\/wp-json\/wp\/v2\/comments?post=19"}],"wp:featuredmedia":[{"embeddable":true,"href":"https:\/\/www.lacuveedesmimis.fr\/index.php\/wp-json\/wp\/v2\/media\/727"}],"wp:attachment":[{"href":"https:\/\/www.lacuveedesmimis.fr\/index.php\/wp-json\/wp\/v2\/media?parent=19"}],"wp:term":[{"taxonomy":"product_brand","embeddable":true,"href":"https:\/\/www.lacuveedesmimis.fr\/index.php\/wp-json\/wp\/v2\/product_brand?post=19"},{"taxonomy":"product_cat","embeddable":true,"href":"https:\/\/www.lacuveedesmimis.fr\/index.php\/wp-json\/wp\/v2\/product_cat?post=19"},{"taxonomy":"product_tag","embeddable":true,"href":"https:\/\/www.lacuveedesmimis.fr\/index.php\/wp-json\/wp\/v2\/product_tag?post=19"}],"curies":[{"name":"wp","href":"https:\/\/api.w.org\/{rel}","templated":true}]}}