{"id":95,"date":"2022-01-02T20:59:32","date_gmt":"2022-01-02T19:59:32","guid":{"rendered":"http:\/\/www.lacuveedesmimis.fr\/?page_id=95"},"modified":"2022-01-02T20:59:32","modified_gmt":"2022-01-02T19:59:32","slug":"biere-blanche-blonde","status":"publish","type":"page","link":"https:\/\/www.lacuveedesmimis.fr\/index.php\/biere-blanche-blonde","title":{"rendered":"Bi\u00e8re Blanche\/Blonde"},"content":{"rendered":"<div data-block-name=\"woocommerce\/product-category\" data-categories=\"[16]\" class=\"wc-block-grid wp-block-product-category wp-block-woocommerce-product-category wc-block-product-category has-3-columns has-multiple-rows\"><ul class=\"wc-block-grid__products\"><li class=\"wc-block-grid__product\">\n\t\t\t\t<a href=\"https:\/\/www.lacuveedesmimis.fr\/index.php\/produit\/projet-p-e-t\" class=\"wc-block-grid__product-link\">\n\t\t\t\t\t\n\t\t\t\t\t<div class=\"wc-block-grid__product-image\"><img loading=\"lazy\" decoding=\"async\" width=\"300\" height=\"186\" src=\"https:\/\/www.lacuveedesmimis.fr\/wp-content\/uploads\/2026\/03\/1000000183-300x186.png\" class=\"attachment-woocommerce_thumbnail size-woocommerce_thumbnail\" alt=\"Projet P.E.T. (IPA)\" srcset=\"https:\/\/www.lacuveedesmimis.fr\/wp-content\/uploads\/2026\/03\/1000000183-300x186.png 300w, https:\/\/www.lacuveedesmimis.fr\/wp-content\/uploads\/2026\/03\/1000000183-1024x634.png 1024w, https:\/\/www.lacuveedesmimis.fr\/wp-content\/uploads\/2026\/03\/1000000183-768x476.png 768w, https:\/\/www.lacuveedesmimis.fr\/wp-content\/uploads\/2026\/03\/1000000183-1140x706.png 1140w, https:\/\/www.lacuveedesmimis.fr\/wp-content\/uploads\/2026\/03\/1000000183-600x372.png 600w, https:\/\/www.lacuveedesmimis.fr\/wp-content\/uploads\/2026\/03\/1000000183.png 1240w\" sizes=\"auto, (max-width: 300px) 100vw, 300px\" \/><\/div>\n\t\t\t\t\t<div class=\"wc-block-grid__product-title\">Projet P.E.T. (IPA)<\/div>\n\t\t\t\t<\/a>\n\t\t\t\t<div class=\"wc-block-grid__product-price price\"><span class=\"woocommerce-Price-amount amount\">3,00&nbsp;<span class=\"woocommerce-Price-currencySymbol\">&euro;<\/span><\/span><\/div>\n\t\t\t\t\n\t\t\t\t<div class=\"wp-block-button wc-block-grid__product-add-to-cart\"><a href=\"\/index.php\/wp-json\/wp\/v2\/pages\/95?add-to-cart=856\" aria-label=\"Ajouter au panier\u00a0: &ldquo;Projet P.E.T. (IPA)&rdquo;\" data-quantity=\"1\" data-product_id=\"856\" data-product_sku=\"\" data-price=\"3\" rel=\"nofollow\" class=\"wp-block-button__link  add_to_cart_button ajax_add_to_cart\">Ajouter au panier<\/a><\/div>\n\t\t\t<\/li><li class=\"wc-block-grid__product\">\n\t\t\t\t<a href=\"https:\/\/www.lacuveedesmimis.fr\/index.php\/produit\/la-666\" class=\"wc-block-grid__product-link\">\n\t\t\t\t\t\n\t\t\t\t\t<div class=\"wc-block-grid__product-image\"><img loading=\"lazy\" decoding=\"async\" width=\"300\" height=\"186\" src=\"https:\/\/www.lacuveedesmimis.fr\/wp-content\/uploads\/2025\/11\/1000000155-300x186.png\" class=\"attachment-woocommerce_thumbnail size-woocommerce_thumbnail\" alt=\"2 La 666 (IPA)\" srcset=\"https:\/\/www.lacuveedesmimis.fr\/wp-content\/uploads\/2025\/11\/1000000155-300x186.png 300w, https:\/\/www.lacuveedesmimis.fr\/wp-content\/uploads\/2025\/11\/1000000155-1024x634.png 1024w, https:\/\/www.lacuveedesmimis.fr\/wp-content\/uploads\/2025\/11\/1000000155-768x476.png 768w, https:\/\/www.lacuveedesmimis.fr\/wp-content\/uploads\/2025\/11\/1000000155-1140x706.png 1140w, https:\/\/www.lacuveedesmimis.fr\/wp-content\/uploads\/2025\/11\/1000000155-600x372.png 600w, https:\/\/www.lacuveedesmimis.fr\/wp-content\/uploads\/2025\/11\/1000000155.png 1240w\" sizes=\"auto, (max-width: 300px) 100vw, 300px\" \/><\/div>\n\t\t\t\t\t<div class=\"wc-block-grid__product-title\">2 La 666 (IPA)<\/div>\n\t\t\t\t<\/a>\n\t\t\t\t<div class=\"wc-block-grid__product-price price\"><span class=\"woocommerce-Price-amount amount\">3,00&nbsp;<span class=\"woocommerce-Price-currencySymbol\">&euro;<\/span><\/span><\/div>\n\t\t\t\t\n\t\t\t\t<div class=\"wp-block-button wc-block-grid__product-add-to-cart\"><a href=\"\/index.php\/wp-json\/wp\/v2\/pages\/95?add-to-cart=807\" aria-label=\"Ajouter au panier\u00a0: &ldquo;2 La 666 (IPA)&rdquo;\" data-quantity=\"1\" data-product_id=\"807\" data-product_sku=\"\" data-price=\"3\" rel=\"nofollow\" class=\"wp-block-button__link  add_to_cart_button ajax_add_to_cart\">Ajouter au panier<\/a><\/div>\n\t\t\t<\/li><li class=\"wc-block-grid__product\">\n\t\t\t\t<a href=\"https:\/\/www.lacuveedesmimis.fr\/index.php\/produit\/2-la-viking\" class=\"wc-block-grid__product-link\">\n\t\t\t\t\t\n\t\t\t\t\t<div class=\"wc-block-grid__product-image\"><img loading=\"lazy\" decoding=\"async\" width=\"300\" height=\"186\" src=\"https:\/\/www.lacuveedesmimis.fr\/wp-content\/uploads\/2024\/07\/viking2-300x186.png\" class=\"attachment-woocommerce_thumbnail size-woocommerce_thumbnail\" alt=\"2 La Viking (triple au miel)\" srcset=\"https:\/\/www.lacuveedesmimis.fr\/wp-content\/uploads\/2024\/07\/viking2-300x186.png 300w, https:\/\/www.lacuveedesmimis.fr\/wp-content\/uploads\/2024\/07\/viking2-1024x634.png 1024w, https:\/\/www.lacuveedesmimis.fr\/wp-content\/uploads\/2024\/07\/viking2-768x476.png 768w, https:\/\/www.lacuveedesmimis.fr\/wp-content\/uploads\/2024\/07\/viking2-1536x951.png 1536w, https:\/\/www.lacuveedesmimis.fr\/wp-content\/uploads\/2024\/07\/viking2-2048x1268.png 2048w, https:\/\/www.lacuveedesmimis.fr\/wp-content\/uploads\/2024\/07\/viking2-1140x706.png 1140w, https:\/\/www.lacuveedesmimis.fr\/wp-content\/uploads\/2024\/07\/viking2-600x372.png 600w\" sizes=\"auto, (max-width: 300px) 100vw, 300px\" \/><\/div>\n\t\t\t\t\t<div class=\"wc-block-grid__product-title\">2 La Viking (triple au miel)<\/div>\n\t\t\t\t<\/a>\n\t\t\t\t<div class=\"wc-block-grid__product-price price\"><span class=\"woocommerce-Price-amount amount\">3,00&nbsp;<span class=\"woocommerce-Price-currencySymbol\">&euro;<\/span><\/span><\/div>\n\t\t\t\t\n\t\t\t\t<div class=\"wp-block-button wc-block-grid__product-add-to-cart\"><a href=\"\/index.php\/wp-json\/wp\/v2\/pages\/95?add-to-cart=756\" aria-label=\"Ajouter au panier\u00a0: &ldquo;2 La Viking (triple au miel)&rdquo;\" data-quantity=\"1\" data-product_id=\"756\" data-product_sku=\"100\" data-price=\"3\" rel=\"nofollow\" class=\"wp-block-button__link  add_to_cart_button ajax_add_to_cart\">Ajouter au panier<\/a><\/div>\n\t\t\t<\/li><li class=\"wc-block-grid__product\">\n\t\t\t\t<a href=\"https:\/\/www.lacuveedesmimis.fr\/index.php\/produit\/la-gauloise\" class=\"wc-block-grid__product-link\">\n\t\t\t\t\t\n\t\t\t\t\t<div class=\"wc-block-grid__product-image\"><img loading=\"lazy\" decoding=\"async\" width=\"300\" height=\"186\" src=\"https:\/\/www.lacuveedesmimis.fr\/wp-content\/uploads\/2022\/05\/La-Gauloise-2-300x186.png\" class=\"attachment-woocommerce_thumbnail size-woocommerce_thumbnail\" alt=\"2 La Gauloise (Blonde l\u00e9g\u00e8rement fum\u00e9e au bois de H\u00eatre et houblon du jardin)\" srcset=\"https:\/\/www.lacuveedesmimis.fr\/wp-content\/uploads\/2022\/05\/La-Gauloise-2-300x186.png 300w, https:\/\/www.lacuveedesmimis.fr\/wp-content\/uploads\/2022\/05\/La-Gauloise-2-1024x634.png 1024w, https:\/\/www.lacuveedesmimis.fr\/wp-content\/uploads\/2022\/05\/La-Gauloise-2-768x476.png 768w, https:\/\/www.lacuveedesmimis.fr\/wp-content\/uploads\/2022\/05\/La-Gauloise-2-1140x706.png 1140w, https:\/\/www.lacuveedesmimis.fr\/wp-content\/uploads\/2022\/05\/La-Gauloise-2-600x372.png 600w, https:\/\/www.lacuveedesmimis.fr\/wp-content\/uploads\/2022\/05\/La-Gauloise-2.png 1240w\" sizes=\"auto, (max-width: 300px) 100vw, 300px\" \/><\/div>\n\t\t\t\t\t<div class=\"wc-block-grid__product-title\">2 La Gauloise (Blonde l\u00e9g\u00e8rement fum\u00e9e au bois de H\u00eatre et houblon du jardin)<\/div>\n\t\t\t\t<\/a>\n\t\t\t\t<div class=\"wc-block-grid__product-price price\"><span class=\"woocommerce-Price-amount amount\">3,00&nbsp;<span class=\"woocommerce-Price-currencySymbol\">&euro;<\/span><\/span><\/div>\n\t\t\t\t\n\t\t\t\t<div class=\"wp-block-button wc-block-grid__product-add-to-cart\"><a href=\"\/index.php\/wp-json\/wp\/v2\/pages\/95?add-to-cart=404\" aria-label=\"Ajouter au panier\u00a0: &ldquo;2 La Gauloise (Blonde l\u00e9g\u00e8rement fum\u00e9e au bois de H\u00eatre et houblon du jardin)&rdquo;\" data-quantity=\"1\" data-product_id=\"404\" data-product_sku=\"\" data-price=\"3\" rel=\"nofollow\" class=\"wp-block-button__link  add_to_cart_button ajax_add_to_cart\">Ajouter au panier<\/a><\/div>\n\t\t\t<\/li><\/ul><\/div>","protected":false},"excerpt":{"rendered":"","protected":false},"author":1,"featured_media":0,"parent":0,"menu_order":0,"comment_status":"closed","ping_status":"closed","template":"","meta":{"footnotes":""},"class_list":["post-95","page","type-page","status-publish","hentry"],"jetpack_sharing_enabled":true,"_links":{"self":[{"href":"https:\/\/www.lacuveedesmimis.fr\/index.php\/wp-json\/wp\/v2\/pages\/95","targetHints":{"allow":["GET"]}}],"collection":[{"href":"https:\/\/www.lacuveedesmimis.fr\/index.php\/wp-json\/wp\/v2\/pages"}],"about":[{"href":"https:\/\/www.lacuveedesmimis.fr\/index.php\/wp-json\/wp\/v2\/types\/page"}],"author":[{"embeddable":true,"href":"https:\/\/www.lacuveedesmimis.fr\/index.php\/wp-json\/wp\/v2\/users\/1"}],"replies":[{"embeddable":true,"href":"https:\/\/www.lacuveedesmimis.fr\/index.php\/wp-json\/wp\/v2\/comments?post=95"}],"version-history":[{"count":1,"href":"https:\/\/www.lacuveedesmimis.fr\/index.php\/wp-json\/wp\/v2\/pages\/95\/revisions"}],"predecessor-version":[{"id":96,"href":"https:\/\/www.lacuveedesmimis.fr\/index.php\/wp-json\/wp\/v2\/pages\/95\/revisions\/96"}],"wp:attachment":[{"href":"https:\/\/www.lacuveedesmimis.fr\/index.php\/wp-json\/wp\/v2\/media?parent=95"}],"curies":[{"name":"wp","href":"https:\/\/api.w.org\/{rel}","templated":true}]}}