{"id":90,"date":"2022-01-02T20:57:42","date_gmt":"2022-01-02T19:57:42","guid":{"rendered":"http:\/\/www.lacuveedesmimis.fr\/?page_id=90"},"modified":"2024-05-05T13:01:19","modified_gmt":"2024-05-05T11:01:19","slug":"biere-ambree-black","status":"publish","type":"page","link":"https:\/\/www.lacuveedesmimis.fr\/index.php\/biere-ambree-black","title":{"rendered":"Bi\u00e8re Ambr\u00e9e\/Black"},"content":{"rendered":"<div data-block-name=\"woocommerce\/product-category\" data-categories=\"[18]\" data-orderby=\"title\" data-stock-status=\"[&quot;&quot;,&quot;&quot;,&quot;instock&quot;,&quot;onbackorder&quot;]\" class=\"wc-block-grid wp-block-product-category wp-block-woocommerce-product-category wc-block-product-category has-3-columns has-multiple-rows\"><ul class=\"wc-block-grid__products\"><li class=\"wc-block-grid__product\">\n\t\t\t\t<a href=\"https:\/\/www.lacuveedesmimis.fr\/index.php\/produit\/la-coco-denfer\" class=\"wc-block-grid__product-link\">\n\t\t\t\t\t\n\t\t\t\t\t<div class=\"wc-block-grid__product-image\"><img loading=\"lazy\" decoding=\"async\" width=\"300\" height=\"186\" src=\"https:\/\/www.lacuveedesmimis.fr\/wp-content\/uploads\/2022\/01\/biere-coco-denfer2-300x186.png\" class=\"attachment-woocommerce_thumbnail size-woocommerce_thumbnail\" alt=\"4 La Coco D&#039;enfer (Brune avec 7 malts et de la noix de coco)\" srcset=\"https:\/\/www.lacuveedesmimis.fr\/wp-content\/uploads\/2022\/01\/biere-coco-denfer2-300x186.png 300w, https:\/\/www.lacuveedesmimis.fr\/wp-content\/uploads\/2022\/01\/biere-coco-denfer2-1024x634.png 1024w, https:\/\/www.lacuveedesmimis.fr\/wp-content\/uploads\/2022\/01\/biere-coco-denfer2-768x476.png 768w, https:\/\/www.lacuveedesmimis.fr\/wp-content\/uploads\/2022\/01\/biere-coco-denfer2-1140x706.png 1140w, https:\/\/www.lacuveedesmimis.fr\/wp-content\/uploads\/2022\/01\/biere-coco-denfer2-600x372.png 600w, https:\/\/www.lacuveedesmimis.fr\/wp-content\/uploads\/2022\/01\/biere-coco-denfer2.png 1240w\" sizes=\"auto, (max-width: 300px) 100vw, 300px\" \/><\/div>\n\t\t\t\t\t<div class=\"wc-block-grid__product-title\">4 La Coco D&rsquo;enfer (Brune avec 7 malts et de la noix de coco)<\/div>\n\t\t\t\t<\/a>\n\t\t\t\t<div class=\"wc-block-grid__product-price price\"><span class=\"woocommerce-Price-amount amount\">3,00&nbsp;<span class=\"woocommerce-Price-currencySymbol\">&euro;<\/span><\/span><\/div>\n\t\t\t\t\n\t\t\t\t<div class=\"wp-block-button wc-block-grid__product-add-to-cart\"><a href=\"\/index.php\/wp-json\/wp\/v2\/pages\/90?add-to-cart=19\" aria-label=\"Ajouter au panier\u00a0: &ldquo;4 La Coco D&#039;enfer (Brune avec 7 malts et de la noix de coco)&rdquo;\" data-quantity=\"1\" data-product_id=\"19\" data-product_sku=\"\" data-price=\"3\" rel=\"nofollow\" class=\"wp-block-button__link  add_to_cart_button ajax_add_to_cart\">Ajouter au panier<\/a><\/div>\n\t\t\t<\/li><li class=\"wc-block-grid__product\">\n\t\t\t\t<a href=\"https:\/\/www.lacuveedesmimis.fr\/index.php\/produit\/la-rousse\" class=\"wc-block-grid__product-link\">\n\t\t\t\t\t\n\t\t\t\t\t<div class=\"wc-block-grid__product-image\"><img loading=\"lazy\" decoding=\"async\" width=\"300\" height=\"187\" src=\"https:\/\/www.lacuveedesmimis.fr\/wp-content\/uploads\/2022\/01\/1000000182-300x187.png\" class=\"attachment-woocommerce_thumbnail size-woocommerce_thumbnail\" alt=\"4 La Rousse (Bi\u00e8re au reflet rouge, bien malt\u00e9e et l\u00e9g\u00e8rement \u00e9pic\u00e9e)\" srcset=\"https:\/\/www.lacuveedesmimis.fr\/wp-content\/uploads\/2022\/01\/1000000182-300x187.png 300w, https:\/\/www.lacuveedesmimis.fr\/wp-content\/uploads\/2022\/01\/1000000182-1024x638.png 1024w, https:\/\/www.lacuveedesmimis.fr\/wp-content\/uploads\/2022\/01\/1000000182-768x478.png 768w, https:\/\/www.lacuveedesmimis.fr\/wp-content\/uploads\/2022\/01\/1000000182-1140x710.png 1140w, https:\/\/www.lacuveedesmimis.fr\/wp-content\/uploads\/2022\/01\/1000000182-600x374.png 600w, https:\/\/www.lacuveedesmimis.fr\/wp-content\/uploads\/2022\/01\/1000000182.png 1310w\" sizes=\"auto, (max-width: 300px) 100vw, 300px\" \/><\/div>\n\t\t\t\t\t<div class=\"wc-block-grid__product-title\">4 La Rousse (Bi\u00e8re au reflet rouge, bien malt\u00e9e et l\u00e9g\u00e8rement \u00e9pic\u00e9e)<\/div>\n\t\t\t\t<\/a>\n\t\t\t\t<div class=\"wc-block-grid__product-price price\"><span class=\"woocommerce-Price-amount amount\">3,00&nbsp;<span class=\"woocommerce-Price-currencySymbol\">&euro;<\/span><\/span><\/div>\n\t\t\t\t\n\t\t\t\t<div class=\"wp-block-button wc-block-grid__product-add-to-cart\"><a href=\"\/index.php\/wp-json\/wp\/v2\/pages\/90?add-to-cart=31\" aria-label=\"Ajouter au panier\u00a0: &ldquo;4 La Rousse (Bi\u00e8re au reflet rouge, bien malt\u00e9e et l\u00e9g\u00e8rement \u00e9pic\u00e9e)&rdquo;\" data-quantity=\"1\" data-product_id=\"31\" data-product_sku=\"\" data-price=\"3\" rel=\"nofollow\" class=\"wp-block-button__link  add_to_cart_button ajax_add_to_cart\">Ajouter au panier<\/a><\/div>\n\t\t\t<\/li><li class=\"wc-block-grid__product\">\n\t\t\t\t<a href=\"https:\/\/www.lacuveedesmimis.fr\/index.php\/produit\/la-fumee\" class=\"wc-block-grid__product-link\">\n\t\t\t\t\t\n\t\t\t\t\t<div class=\"wc-block-grid__product-image\"><img loading=\"lazy\" decoding=\"async\" width=\"300\" height=\"186\" src=\"https:\/\/www.lacuveedesmimis.fr\/wp-content\/uploads\/2022\/01\/biere-fumee-1-300x186.png\" class=\"attachment-woocommerce_thumbnail size-woocommerce_thumbnail\" alt=\"4_La Fum\u00e9e (Brune fum\u00e9e au bois de H\u00eatre)\" srcset=\"https:\/\/www.lacuveedesmimis.fr\/wp-content\/uploads\/2022\/01\/biere-fumee-1-300x186.png 300w, https:\/\/www.lacuveedesmimis.fr\/wp-content\/uploads\/2022\/01\/biere-fumee-1-1024x634.png 1024w, https:\/\/www.lacuveedesmimis.fr\/wp-content\/uploads\/2022\/01\/biere-fumee-1-768x476.png 768w, https:\/\/www.lacuveedesmimis.fr\/wp-content\/uploads\/2022\/01\/biere-fumee-1-1140x706.png 1140w, https:\/\/www.lacuveedesmimis.fr\/wp-content\/uploads\/2022\/01\/biere-fumee-1-600x372.png 600w, https:\/\/www.lacuveedesmimis.fr\/wp-content\/uploads\/2022\/01\/biere-fumee-1.png 1240w\" sizes=\"auto, (max-width: 300px) 100vw, 300px\" \/><\/div>\n\t\t\t\t\t<div class=\"wc-block-grid__product-title\">4_La Fum\u00e9e (Brune fum\u00e9e au bois de H\u00eatre)<\/div>\n\t\t\t\t<\/a>\n\t\t\t\t<div class=\"wc-block-grid__product-price price\"><span class=\"woocommerce-Price-amount amount\">3,00&nbsp;<span class=\"woocommerce-Price-currencySymbol\">&euro;<\/span><\/span><\/div>\n\t\t\t\t\n\t\t\t\t<div class=\"wp-block-button wc-block-grid__product-add-to-cart\"><a href=\"\/index.php\/wp-json\/wp\/v2\/pages\/90?add-to-cart=29\" aria-label=\"Ajouter au panier\u00a0: &ldquo;4_La Fum\u00e9e (Brune fum\u00e9e au bois de H\u00eatre)&rdquo;\" data-quantity=\"1\" data-product_id=\"29\" data-product_sku=\"\" data-price=\"3\" rel=\"nofollow\" class=\"wp-block-button__link  add_to_cart_button ajax_add_to_cart\">Ajouter au panier<\/a><\/div>\n\t\t\t<\/li><li class=\"wc-block-grid__product\">\n\t\t\t\t<a href=\"https:\/\/www.lacuveedesmimis.fr\/index.php\/produit\/la-perle-noire\" class=\"wc-block-grid__product-link\">\n\t\t\t\t\t\n\t\t\t\t\t<div class=\"wc-block-grid__product-image\"><img loading=\"lazy\" decoding=\"async\" width=\"300\" height=\"186\" src=\"https:\/\/www.lacuveedesmimis.fr\/wp-content\/uploads\/2023\/10\/Perle_noire-300x186.png\" class=\"attachment-woocommerce_thumbnail size-woocommerce_thumbnail\" alt=\"5 La Perle noire (Rhum, Ecorce de Ch\u00eane et Vanille)\" srcset=\"https:\/\/www.lacuveedesmimis.fr\/wp-content\/uploads\/2023\/10\/Perle_noire-300x186.png 300w, https:\/\/www.lacuveedesmimis.fr\/wp-content\/uploads\/2023\/10\/Perle_noire-1024x634.png 1024w, https:\/\/www.lacuveedesmimis.fr\/wp-content\/uploads\/2023\/10\/Perle_noire-768x476.png 768w, https:\/\/www.lacuveedesmimis.fr\/wp-content\/uploads\/2023\/10\/Perle_noire-1140x706.png 1140w, https:\/\/www.lacuveedesmimis.fr\/wp-content\/uploads\/2023\/10\/Perle_noire-600x372.png 600w, https:\/\/www.lacuveedesmimis.fr\/wp-content\/uploads\/2023\/10\/Perle_noire.png 1240w\" sizes=\"auto, (max-width: 300px) 100vw, 300px\" \/><\/div>\n\t\t\t\t\t<div class=\"wc-block-grid__product-title\">5 La Perle noire (Rhum, Ecorce de Ch\u00eane et Vanille)<\/div>\n\t\t\t\t<\/a>\n\t\t\t\t<div class=\"wc-block-grid__product-price price\"><span class=\"woocommerce-Price-amount amount\">3,00&nbsp;<span class=\"woocommerce-Price-currencySymbol\">&euro;<\/span><\/span><\/div>\n\t\t\t\t\n\t\t\t\t<div class=\"wp-block-button wc-block-grid__product-add-to-cart\"><a href=\"\/index.php\/wp-json\/wp\/v2\/pages\/90?add-to-cart=611\" aria-label=\"Ajouter au panier\u00a0: &ldquo;5 La Perle noire (Rhum, Ecorce de Ch\u00eane et Vanille)&rdquo;\" data-quantity=\"1\" data-product_id=\"611\" data-product_sku=\"\" data-price=\"3\" rel=\"nofollow\" class=\"wp-block-button__link  add_to_cart_button ajax_add_to_cart\">Ajouter au panier<\/a><\/div>\n\t\t\t<\/li><\/ul><\/div>","protected":false},"excerpt":{"rendered":"","protected":false},"author":1,"featured_media":0,"parent":0,"menu_order":0,"comment_status":"closed","ping_status":"closed","template":"","meta":{"footnotes":""},"class_list":["post-90","page","type-page","status-publish","hentry"],"jetpack_sharing_enabled":true,"_links":{"self":[{"href":"https:\/\/www.lacuveedesmimis.fr\/index.php\/wp-json\/wp\/v2\/pages\/90","targetHints":{"allow":["GET"]}}],"collection":[{"href":"https:\/\/www.lacuveedesmimis.fr\/index.php\/wp-json\/wp\/v2\/pages"}],"about":[{"href":"https:\/\/www.lacuveedesmimis.fr\/index.php\/wp-json\/wp\/v2\/types\/page"}],"author":[{"embeddable":true,"href":"https:\/\/www.lacuveedesmimis.fr\/index.php\/wp-json\/wp\/v2\/users\/1"}],"replies":[{"embeddable":true,"href":"https:\/\/www.lacuveedesmimis.fr\/index.php\/wp-json\/wp\/v2\/comments?post=90"}],"version-history":[{"count":5,"href":"https:\/\/www.lacuveedesmimis.fr\/index.php\/wp-json\/wp\/v2\/pages\/90\/revisions"}],"predecessor-version":[{"id":711,"href":"https:\/\/www.lacuveedesmimis.fr\/index.php\/wp-json\/wp\/v2\/pages\/90\/revisions\/711"}],"wp:attachment":[{"href":"https:\/\/www.lacuveedesmimis.fr\/index.php\/wp-json\/wp\/v2\/media?parent=90"}],"curies":[{"name":"wp","href":"https:\/\/api.w.org\/{rel}","templated":true}]}}