{"id":480,"date":"2022-10-02T16:54:01","date_gmt":"2022-10-02T14:54:01","guid":{"rendered":"https:\/\/www.lacuveedesmimis.fr\/?page_id=480"},"modified":"2024-05-05T16:01:12","modified_gmt":"2024-05-05T14:01:12","slug":"services-personnalises","status":"publish","type":"page","link":"https:\/\/www.lacuveedesmimis.fr\/index.php\/services-personnalises","title":{"rendered":"Services Personnalis\u00e9s"},"content":{"rendered":"\n<p class=\"has-text-align-center has-medium-font-size\">NOUVEAU, le service personnalisation de la Cuv\u00e9e des Mimi&rsquo;s.<\/p>\n\n\n\n<p class=\"has-text-align-center has-medium-font-size\"><strong><span style=\"text-decoration: underline;\">Le Tout fabriqu\u00e9 maison<\/span><\/strong><\/p>\n\n\n\n<p class=\"has-text-align-center has-medium-font-size\">Dans le cadre de vos Mariages, Anniversaires ou pour toutes autres occasions, nous vous proposons un service de personnalisation.<\/p>\n\n\n\n<figure class=\"wp-block-gallery has-nested-images columns-default is-cropped wp-block-gallery-1 is-layout-flex wp-block-gallery-is-layout-flex\">\n<figure class=\"wp-block-image size-thumbnail\"><img loading=\"lazy\" decoding=\"async\" width=\"150\" height=\"150\" data-id=\"738\" src=\"https:\/\/www.lacuveedesmimis.fr\/wp-content\/uploads\/2024\/05\/IMG_20231008_122512_094-1-150x150.jpg\" alt=\"\" class=\"wp-image-738\" srcset=\"https:\/\/www.lacuveedesmimis.fr\/wp-content\/uploads\/2024\/05\/IMG_20231008_122512_094-1-150x150.jpg 150w, https:\/\/www.lacuveedesmimis.fr\/wp-content\/uploads\/2024\/05\/IMG_20231008_122512_094-1-300x300.jpg 300w, https:\/\/www.lacuveedesmimis.fr\/wp-content\/uploads\/2024\/05\/IMG_20231008_122512_094-1-75x75.jpg 75w, https:\/\/www.lacuveedesmimis.fr\/wp-content\/uploads\/2024\/05\/IMG_20231008_122512_094-1-100x100.jpg 100w\" sizes=\"auto, (max-width: 150px) 100vw, 150px\" \/><\/figure>\n\n\n\n<figure class=\"wp-block-image size-thumbnail\"><img loading=\"lazy\" decoding=\"async\" width=\"150\" height=\"150\" data-id=\"743\" src=\"https:\/\/www.lacuveedesmimis.fr\/wp-content\/uploads\/2024\/05\/IMG_20231008_155830_136-2-150x150.jpg\" alt=\"\" class=\"wp-image-743\" srcset=\"https:\/\/www.lacuveedesmimis.fr\/wp-content\/uploads\/2024\/05\/IMG_20231008_155830_136-2-150x150.jpg 150w, https:\/\/www.lacuveedesmimis.fr\/wp-content\/uploads\/2024\/05\/IMG_20231008_155830_136-2-300x300.jpg 300w, https:\/\/www.lacuveedesmimis.fr\/wp-content\/uploads\/2024\/05\/IMG_20231008_155830_136-2-75x75.jpg 75w, https:\/\/www.lacuveedesmimis.fr\/wp-content\/uploads\/2024\/05\/IMG_20231008_155830_136-2-100x100.jpg 100w\" sizes=\"auto, (max-width: 150px) 100vw, 150px\" \/><\/figure>\n\n\n\n<figure class=\"wp-block-image size-thumbnail\"><img loading=\"lazy\" decoding=\"async\" width=\"150\" height=\"150\" data-id=\"744\" src=\"https:\/\/www.lacuveedesmimis.fr\/wp-content\/uploads\/2024\/05\/IMG_20231015_123712_942-2-150x150.jpg\" alt=\"\" class=\"wp-image-744\" srcset=\"https:\/\/www.lacuveedesmimis.fr\/wp-content\/uploads\/2024\/05\/IMG_20231015_123712_942-2-150x150.jpg 150w, https:\/\/www.lacuveedesmimis.fr\/wp-content\/uploads\/2024\/05\/IMG_20231015_123712_942-2-300x300.jpg 300w, https:\/\/www.lacuveedesmimis.fr\/wp-content\/uploads\/2024\/05\/IMG_20231015_123712_942-2-75x75.jpg 75w, https:\/\/www.lacuveedesmimis.fr\/wp-content\/uploads\/2024\/05\/IMG_20231015_123712_942-2-100x100.jpg 100w\" sizes=\"auto, (max-width: 150px) 100vw, 150px\" \/><\/figure>\n\n\n\n<figure class=\"wp-block-image size-thumbnail\"><img loading=\"lazy\" decoding=\"async\" width=\"150\" height=\"150\" data-id=\"747\" src=\"https:\/\/www.lacuveedesmimis.fr\/wp-content\/uploads\/2024\/05\/IMG_20231119_212349_818-1-150x150.jpg\" alt=\"\" class=\"wp-image-747\" srcset=\"https:\/\/www.lacuveedesmimis.fr\/wp-content\/uploads\/2024\/05\/IMG_20231119_212349_818-1-150x150.jpg 150w, https:\/\/www.lacuveedesmimis.fr\/wp-content\/uploads\/2024\/05\/IMG_20231119_212349_818-1-300x300.jpg 300w, https:\/\/www.lacuveedesmimis.fr\/wp-content\/uploads\/2024\/05\/IMG_20231119_212349_818-1-75x75.jpg 75w, https:\/\/www.lacuveedesmimis.fr\/wp-content\/uploads\/2024\/05\/IMG_20231119_212349_818-1-100x100.jpg 100w\" sizes=\"auto, (max-width: 150px) 100vw, 150px\" \/><\/figure>\n\n\n\n<figure class=\"wp-block-image size-thumbnail\"><img loading=\"lazy\" decoding=\"async\" width=\"150\" height=\"150\" data-id=\"742\" src=\"https:\/\/www.lacuveedesmimis.fr\/wp-content\/uploads\/2024\/05\/IMG_20231206_202438_624-150x150.jpg\" alt=\"\" class=\"wp-image-742\" srcset=\"https:\/\/www.lacuveedesmimis.fr\/wp-content\/uploads\/2024\/05\/IMG_20231206_202438_624-150x150.jpg 150w, https:\/\/www.lacuveedesmimis.fr\/wp-content\/uploads\/2024\/05\/IMG_20231206_202438_624-300x300.jpg 300w, https:\/\/www.lacuveedesmimis.fr\/wp-content\/uploads\/2024\/05\/IMG_20231206_202438_624-75x75.jpg 75w, https:\/\/www.lacuveedesmimis.fr\/wp-content\/uploads\/2024\/05\/IMG_20231206_202438_624-100x100.jpg 100w\" sizes=\"auto, (max-width: 150px) 100vw, 150px\" \/><\/figure>\n<\/figure>\n\n\n\n<p class=\"has-text-align-center has-large-font-size\"><strong>Personnalisation sans surco\u00fbt<\/strong><\/p>\n\n\n\n<p class=\"has-text-align-center has-medium-font-size\">D\u00e9lai de r\u00e9alisation de 2 semaines<\/p>\n\n\n\n<p class=\"has-text-align-center has-medium-font-size\">Possibilit\u00e9 en 48h pour 10\u20acde plus<\/p>\n","protected":false},"excerpt":{"rendered":"<p>NOUVEAU, le service personnalisation de la Cuv\u00e9e des Mimi&rsquo;s. Le Tout fabriqu\u00e9 maison Dans le cadre de vos Mariages, Anniversaires ou pour toutes autres occasions, nous vous proposons un service de personnalisation. Personnalisation sans surco\u00fbt D\u00e9lai de r\u00e9alisation de 2 semaines Possibilit\u00e9 en 48h pour 10\u20acde plus<\/p>\n","protected":false},"author":2,"featured_media":0,"parent":0,"menu_order":0,"comment_status":"closed","ping_status":"closed","template":"","meta":{"footnotes":""},"class_list":["post-480","page","type-page","status-publish","hentry"],"jetpack_sharing_enabled":true,"_links":{"self":[{"href":"https:\/\/www.lacuveedesmimis.fr\/index.php\/wp-json\/wp\/v2\/pages\/480","targetHints":{"allow":["GET"]}}],"collection":[{"href":"https:\/\/www.lacuveedesmimis.fr\/index.php\/wp-json\/wp\/v2\/pages"}],"about":[{"href":"https:\/\/www.lacuveedesmimis.fr\/index.php\/wp-json\/wp\/v2\/types\/page"}],"author":[{"embeddable":true,"href":"https:\/\/www.lacuveedesmimis.fr\/index.php\/wp-json\/wp\/v2\/users\/2"}],"replies":[{"embeddable":true,"href":"https:\/\/www.lacuveedesmimis.fr\/index.php\/wp-json\/wp\/v2\/comments?post=480"}],"version-history":[{"count":16,"href":"https:\/\/www.lacuveedesmimis.fr\/index.php\/wp-json\/wp\/v2\/pages\/480\/revisions"}],"predecessor-version":[{"id":748,"href":"https:\/\/www.lacuveedesmimis.fr\/index.php\/wp-json\/wp\/v2\/pages\/480\/revisions\/748"}],"wp:attachment":[{"href":"https:\/\/www.lacuveedesmimis.fr\/index.php\/wp-json\/wp\/v2\/media?parent=480"}],"curies":[{"name":"wp","href":"https:\/\/api.w.org\/{rel}","templated":true}]}}