{"id":113,"date":"2022-01-02T21:07:05","date_gmt":"2022-01-02T20:07:05","guid":{"rendered":"http:\/\/www.lacuveedesmimis.fr\/?page_id=113"},"modified":"2024-05-05T16:14:41","modified_gmt":"2024-05-05T14:14:41","slug":"livraison","status":"publish","type":"page","link":"https:\/\/www.lacuveedesmimis.fr\/index.php\/livraison","title":{"rendered":"Livraison\/paiement"},"content":{"rendered":"\n<div class=\"wp-block-group\"><div class=\"wp-block-group__inner-container is-layout-flow wp-block-group-is-layout-flow\">\n<p><strong>Paiements accept\u00e9s:<\/strong><\/p>\n\n\n\n<p>_Paiement CB en ligne ou sur place \u00e0 la boutique <\/p>\n\n\n\n<p>_Paiement en esp\u00e8ces \u00e0 la boutique (euro).<\/p>\n\n\n\n<p>_Pas de ch\u00e8que<\/p>\n\n\n\n<p><\/p>\n\n\n\n<p><strong>Plusieurs syst\u00e8mes de livraison sont \u00e0 votre disposition:<\/strong><\/p>\n\n\n\n<p>_ Retrait \u00e0 la boutique : Venez retirer directement vos produits en boutique<\/p>\n\n\n\n<p>_ Possibilit\u00e9 de livraison dans un rayon de 10km autour de Fesches-le-Ch\u00e2tel gratuitement \u00e0 partir de 20\u20ac d&rsquo;achat, livraison du lundi au vendredi de 17H30 \u00e0 19h.<\/p>\n\n\n\n<p>_ Livraison possible en Suisse  (Del\u00e9mont) sur demande via notre adresse mail.<\/p>\n\n\n\n<p>_ Pas de d\u00e9taxe pour la suisse directement en boutique, se rapprocher de votre bureau de douanes.<\/p>\n\n\n\n<p>_ Exp\u00e9dition possible via Mondial relay ou UPS relay (voir calcul des frais de port dans votre panier)<\/p>\n\n\n\n<p><\/p>\n\n\n\n<p><\/p>\n\n\n\n<p><\/p>\n<\/div><\/div>\n\n\n\n<div class=\"wp-block-group\"><div class=\"wp-block-group__inner-container is-layout-flow wp-block-group-is-layout-flow\">\n<p>Pour toutes questions n&rsquo;h\u00e9sitez pas \u00e0 nous contacter:<\/p>\n<\/div><\/div>\n\n\n\n<div class=\"wp-block-columns is-layout-flex wp-container-core-columns-is-layout-28f84493 wp-block-columns-is-layout-flex\">\n<div class=\"wp-block-column is-layout-flow wp-block-column-is-layout-flow\" style=\"flex-basis:100%\">\n<p>lacuveedesmimis@gmail.com<\/p>\n<\/div>\n<\/div>\n\n\n\n<p><\/p>\n\n\n\n<div class=\"wp-block-group\"><div class=\"wp-block-group__inner-container is-layout-flow wp-block-group-is-layout-flow\">\n<p>Merci<\/p>\n<\/div><\/div>\n\n\n\n<p> <\/p>\n\n\n\n<p><\/p>\n","protected":false},"excerpt":{"rendered":"<p>Paiements accept\u00e9s: _Paiement CB en ligne ou sur place \u00e0 la boutique _Paiement en esp\u00e8ces \u00e0 la boutique (euro). _Pas de ch\u00e8que Plusieurs syst\u00e8mes de livraison sont \u00e0 votre disposition: _ Retrait \u00e0 la boutique : Venez retirer directement vos produits en boutique _ Possibilit\u00e9 de livraison dans un rayon de 10km autour de Fesches-le-Ch\u00e2tel gratuitement \u00e0 partir de 20\u20ac d&rsquo;achat, livraison du lundi au vendredi de 17H30 \u00e0 19h. _ Livraison possible en Suisse (Del\u00e9mont) sur demande via notre adresse mail. _ Pas de d\u00e9taxe pour la suisse directement en boutique, se rapprocher de votre bureau de douanes. _ Exp\u00e9dition possible via Mondial relay ou UPS relay (voir calcul des frais de port dans votre panier) Pour toutes questions n&rsquo;h\u00e9sitez pas \u00e0 nous contacter: lacuveedesmimis@gmail.com Merci<\/p>\n","protected":false},"author":1,"featured_media":0,"parent":0,"menu_order":0,"comment_status":"closed","ping_status":"closed","template":"","meta":{"footnotes":""},"class_list":["post-113","page","type-page","status-publish","hentry"],"jetpack_sharing_enabled":true,"_links":{"self":[{"href":"https:\/\/www.lacuveedesmimis.fr\/index.php\/wp-json\/wp\/v2\/pages\/113","targetHints":{"allow":["GET"]}}],"collection":[{"href":"https:\/\/www.lacuveedesmimis.fr\/index.php\/wp-json\/wp\/v2\/pages"}],"about":[{"href":"https:\/\/www.lacuveedesmimis.fr\/index.php\/wp-json\/wp\/v2\/types\/page"}],"author":[{"embeddable":true,"href":"https:\/\/www.lacuveedesmimis.fr\/index.php\/wp-json\/wp\/v2\/users\/1"}],"replies":[{"embeddable":true,"href":"https:\/\/www.lacuveedesmimis.fr\/index.php\/wp-json\/wp\/v2\/comments?post=113"}],"version-history":[{"count":11,"href":"https:\/\/www.lacuveedesmimis.fr\/index.php\/wp-json\/wp\/v2\/pages\/113\/revisions"}],"predecessor-version":[{"id":753,"href":"https:\/\/www.lacuveedesmimis.fr\/index.php\/wp-json\/wp\/v2\/pages\/113\/revisions\/753"}],"wp:attachment":[{"href":"https:\/\/www.lacuveedesmimis.fr\/index.php\/wp-json\/wp\/v2\/media?parent=113"}],"curies":[{"name":"wp","href":"https:\/\/api.w.org\/{rel}","templated":true}]}}